{"id":551,"date":"2026-03-10T14:14:09","date_gmt":"2026-03-10T13:14:09","guid":{"rendered":"http:\/\/www.amohahotelcattolica.it\/?page_id=551"},"modified":"2026-03-10T15:48:54","modified_gmt":"2026-03-10T14:48:54","slug":"dove-siamo","status":"publish","type":"page","link":"https:\/\/www.amohahotelcattolica.it\/fr\/dove-siamo\/","title":{"rendered":"O\u00f9 nous sommes"},"content":{"rendered":"<section class=\"wao-blocks-container container-fluid mb-5 sf-pattern\"\n\t\t>\n    \n<div class=\"wao-blocks-row row\" >\n    \n\n<div class=\"col-12 col-md-12 text-center position-relative p-lg-5 p-md-4\"\n     \n\tid=\"u--iniziopagina\" \n\t>\n        \n<div class=\"p-lg-5 p-4 g--bkg-light-04\"><div class=\"mx-auto max-w-1280px \">\n\n\n<div class=\"breadcrumb-block mb-4\"\n    >\n    <div class=\"text-secondary mx-auto text-center small\">\n        <a href=\"https:\/\/www.amohahotelcattolica.it\/fr\" rel=\"nofollow\" title=\"Home\">Home &gt;<\/a>\n        Dove siamo    <\/div>\n<\/div>\n\n\n<h1 class=\"wp-block-heading has-text-align-center txt-limelight\">Dove siamo<\/h1>\n\n\n\n<h2 class=\"wp-block-heading has-text-align-center mb-4 text-secondary\">Ecco i nostri servizi<\/h2>\n\n\n\n<p><strong>Amoha Hotel di Cattolica<\/strong> \u00e8 la base ideale per una vacanza che unisce il relax della Riviera Adriatica alla scoperta del territorio romagnolo. Situato in una <strong>posizione privilegiata e tranquilla<\/strong>, il nostro hotel ti permette di raggiungere facilmente le spiagge dorate, ma anche di esplorare i borghi storici e le citt\u00e0 d'arte pi\u00f9 famose della zona. Che tu viaggi in auto o in treno, arrivare da noi \u00e8 semplicissimo: in questa pagina troverai tutte le indicazioni dettagliate per raggiungerci e i consigli sui migliori collegamenti per le tue escursioni a San Marino, Gradara o verso il benessere delle Terme di Riccione<\/p>\n\n\n<\/div>\n<\/div>\n    <\/div>\n<\/div>\n<\/section>\n\n<section class=\"wao-blocks-container container-fluid mb-5\"\n\t\t>\n    \n<div class=\"wao-blocks-row row\" >\n    \n\n<div class=\"col-12 col-lg-6 d-flex justify-coontent-end p-0\"\n     \n\t \n\t>\n        \n<iframe class=\"gmap js--lazy-load\" data-src=\"https:\/\/www.google.com\/maps\/embed?pb=!1m18!1m12!1m3!1d54814.71934310747!2d12.723396242207457!3d43.96735178718614!2m3!1f0!2f0!3f0!3m2!1i1024!2i768!4f13.1!3m3!1m2!1s0x132ce0c6cf3e19bd%3A0x275034c4a70280cf!2sAmoha%20Hotel!5e0!3m2!1sit!2sit!4v1773131408330!5m2!1sit!2sit\" width=\"100%\" height=\"100%\" allowfullscreen=\"\" loading=\"lazy\" referrerpolicy=\"no-referrer-when-downgrade\"><\/iframe>\n    <\/div>\n\n\n<div class=\"col-12 col-lg-6 px-0 py-lg-4\"\n     \n\t \n\t>\n        \n<div class=\"g--bkg-light-04 border-20 p-lg-5 p-4  max-w-700px  h-100 d-flex align-items-center\">\n<div>\n\n\n<h2 class=\"wp-block-heading txt-limelight h1\">Come raggiungerci<\/h2>\n\n\n\n<blockquote class=\"wp-block-quote is-layout-flow wp-block-quote-is-layout-flow\">\n<p class=\"h2 mb-4 text-secondary \">In auto o in treno.<\/p>\n<\/blockquote>\n\n\n\n<p class=\" mb-4\"><strong>Arrivare all\u2019Amoha Hotel \u00e8 molto semplice<\/strong>, basta seguire la A14 e prendere l\u2019uscita di Cattolica. Dall\u2019uscita dell\u2019autostrada, svoltare a destra, lungo il percorso s'incontrano diverse rotonde, alle prime tre andare sempre dritto, alla quarta, quella in mattoni con la fontana nel centro, svoltare a sinistra, alla quinta svoltare a destra, alla sesta svoltare ancora a destra, pochi metri pi\u00f9 avanti si trova via Perugia, svoltare a destra per raggiungere l\u2019Amoha Hotel che si trova al numero civico 6.<\/p>\n\n\n\n<p class=\" mb-4\"><strong>Per chi arriva in treno<\/strong>, prendendo la linea Bologna - Ancona, \u00e8 necessario scendere alla fermata della stazione ferroviaria di Cattolica. L'Hotel dista pochi Km dalla stazione ferroviaria di Cattolica.<\/p>\n\n\n\n<\/div><\/div>\n    <\/div>\n<\/div>\n<\/section>\n\n<section class=\"wao-blocks-container container-fluid mb-5\"\n\t\t>\n    \n<div class=\"wao-blocks-row row\" >\n    \n\n<div class=\"col-12 col-lg-6 px-0 py-lg-4 order-lg-1 order-2 d-flex justify-content-lg-end justify-content-start\"\n     \n\t \n\t>\n        \n<div class=\"g--bkg-light-04 border-20 p-lg-5 p-4  max-w-700px  h-100 d-flex align-items-center\">\n<div>\n\n\n<h2 class=\"wp-block-heading txt-limelight h1\">Posizione strategica<\/h2>\n\n\n\n<p class=\"h2 mb-4 text-secondary \">Vicino alle Terme di Riccione<\/p>\n\n\n\n<p>In estate, Cattolica \u00e8 collegata con le maggiori citt\u00e0 italiane con degli <strong>autobus di linea<\/strong>. Data la particolare ubicazione si possono organizzare delle escursioni da Cattolica a <strong>Rimini<\/strong>,<strong> San Leo<\/strong>, <strong>San Marino<\/strong>, <strong>Gradara <\/strong>e <strong>Ravenna<\/strong>.<\/p>\n\n\n\n<p>Data l\u2019ubicazione dell\u2019Amoha Hotel, \u00e8 possibile effettuare un soggiorno sia marino che <strong>termale<\/strong>. L\u2019Amoha Hotel dista appena 5 km dalle <strong>terme di Riccione<\/strong>, autobus di linea partono dai pressi dell\u2019Hotel ogni 20 minuti circa. La fermata dell\u2019autobus per l\u2019andata \u00e8 a 50 metri, mentre per il ritorno a soli 10 metri.<\/p>\n\n\n\n<\/div><\/div>\n    <\/div>\n\n\n<div class=\"col-12 col-lg-6 d-flex justify-coontent-end p-0 order-lg-2 order-1\"\n     \n\t \n\t>\n        \n    <figure\n        class=\"wao-blocks-immagine-bkg w-100 h-100 \"\n        style=\"background: url('http:\/\/www.amohahotelcattolica.it\/wp-content\/uploads\/2026\/03\/top-terme-rimini.jpg') center center \/ cover no-repeat; min-height: 400px;\"\n        >\n            <\/figure>\n\n    <\/div>\n<\/div>\n<\/section>\n\n<section class=\"wao-blocks-container container-fluid mb-5 sf-pattern\"\n\t\t>\n    \n<div class=\"wao-blocks-row row\" >\n    \n\n<div class=\"col-12 col-md-12 p-lg-5 p-md-4 p-0\"\n     \n\t \n\t>\n        \n<div class=\"w-100  \">\n<div class=\"mx-auto  box_puntiforza p-lg-5 p-4 g--bkg-light-01\" >\n\n\n<h2 class=\"wp-block-heading has-text-align-center txt-limelight h1 mb-4\">Punti forza<\/h2>\n\n\n<div id=\"innerblocks-slider-parent1\" data-wrapAround='false' data-cellAlign=\"right\" data-bgLazyLoad=\"1\" data-freeScroll=\"false\" data-autoPlay=\"5000\" data-pauseAutoPlayOnHover =\"true\" data-prevNextButtons=\"false\" data-contain=\"true\" data-pageDots=\"false\" data-draggable=\"true\"  class=\"wrap-desktop js--flickity wao-blocks-slider innerblocks-slider-parent-25090 no-drag-fix-innerblocks-slider-parent-25090 \"  >\n            <div class=\"col-12 col-md-6 col-lg-4 p-0\" style=\"height:350px\">\n            \n    <div \n        class='innerblocks-slider-child wao-blocks-innerblocks-slider-child p-2 text-center' \n        >\n        \n\n<div class=\"wao-blocks-immagine-src\" \n    >\n                    <img decoding=\"async\" src=\"http:\/\/www.amohahotelcattolica.it\/wp-content\/uploads\/2026\/03\/img-cucina-romagna.jpg\"  class=\"img-fluid\"  alt=\"img-cucina-romagna\">\n    <\/div>\n\n\n<h6 class=\"wp-block-heading has-text-align-center my-2 txt-limelight h3\">Cucina<br>Romagnola<\/h6>\n\n    <\/div>\n    <style>\n        @media screen and (max-width: 992px) {\n            .innerblocks-slider-child {\n                margin: auto !important;\n            }\n        }\n    <\/style>\n  \n\n        <\/div>\n            <div class=\"col-12 col-md-6 col-lg-4 p-0\" style=\"height:350px\">\n            \n    <div \n        class='innerblocks-slider-child wao-blocks-innerblocks-slider-child p-2 text-center' \n        >\n        \n\n<div class=\"wao-blocks-immagine-src\" \n    >\n                    <img decoding=\"async\" src=\"http:\/\/www.amohahotelcattolica.it\/wp-content\/uploads\/2026\/03\/img-rapporto.jpg\"  class=\"img-fluid\"  alt=\"img-rapporto\">\n    <\/div>\n\n\n<h6 class=\"wp-block-heading has-text-align-center my-2 txt-limelight h3\">Buon rapporto<br>qualit\u00e0\/prezzo<\/h6>\n\n    <\/div>\n    <style>\n        @media screen and (max-width: 992px) {\n            .innerblocks-slider-child {\n                margin: auto !important;\n            }\n        }\n    <\/style>\n  \n\n        <\/div>\n            <div class=\"col-12 col-md-6 col-lg-4 p-0\" style=\"height:350px\">\n            \n    <div \n        class='innerblocks-slider-child wao-blocks-innerblocks-slider-child p-2 text-center' \n        >\n        \n\n<div class=\"wao-blocks-immagine-src\" \n    >\n                    <img decoding=\"async\" src=\"http:\/\/www.amohahotelcattolica.it\/wp-content\/uploads\/2026\/03\/img-ospitalita.jpg\"  class=\"img-fluid\"  alt=\"img-ospitalita\">\n    <\/div>\n\n\n<h6 class=\"wp-block-heading has-text-align-center my-2 txt-limelight h3\">Ospitalit\u00e0<br>eccellente<\/h6>\n\n    <\/div>\n    <style>\n        @media screen and (max-width: 992px) {\n            .innerblocks-slider-child {\n                margin: auto !important;\n            }\n        }\n    <\/style>\n  \n        <\/div>\n    <\/div>\n<div id=\"innerblocks-slider-parent2\"  data-wrapAround='true' data-cellAlign=\"right\" data-bgLazyLoad=\"1\" data-freeScroll=\"false\" data-autoPlay=\"5000\" data-pauseAutoPlayOnHover =\"true\" data-prevNextButtons=\"false\" data-contain=\"true\" data-pageDots=\"false\" data-draggable=\"true\" class=\"wrap-mobile js--flickity wao-blocks-slider innerblocks-slider-parent-25090\"  >\n            <div class=\"col-12 col-md-6 col-lg-4 p-0\" style=\"height:350px\">\n            \n    <div \n        class='innerblocks-slider-child wao-blocks-innerblocks-slider-child p-2 text-center' \n        >\n        \n\n<div class=\"wao-blocks-immagine-src\" \n    >\n                    <img decoding=\"async\" src=\"http:\/\/www.amohahotelcattolica.it\/wp-content\/uploads\/2026\/03\/img-cucina-romagna.jpg\"  class=\"img-fluid\"  alt=\"img-cucina-romagna\">\n    <\/div>\n\n\n<h6 class=\"wp-block-heading has-text-align-center my-2 txt-limelight h3\">Cucina<br>Romagnola<\/h6>\n\n    <\/div>\n    <style>\n        @media screen and (max-width: 992px) {\n            .innerblocks-slider-child {\n                margin: auto !important;\n            }\n        }\n    <\/style>\n  \n\n        <\/div>\n            <div class=\"col-12 col-md-6 col-lg-4 p-0\" style=\"height:350px\">\n            \n    <div \n        class='innerblocks-slider-child wao-blocks-innerblocks-slider-child p-2 text-center' \n        >\n        \n\n<div class=\"wao-blocks-immagine-src\" \n    >\n                    <img decoding=\"async\" src=\"http:\/\/www.amohahotelcattolica.it\/wp-content\/uploads\/2026\/03\/img-rapporto.jpg\"  class=\"img-fluid\"  alt=\"img-rapporto\">\n    <\/div>\n\n\n<h6 class=\"wp-block-heading has-text-align-center my-2 txt-limelight h3\">Buon rapporto<br>qualit\u00e0\/prezzo<\/h6>\n\n    <\/div>\n    <style>\n        @media screen and (max-width: 992px) {\n            .innerblocks-slider-child {\n                margin: auto !important;\n            }\n        }\n    <\/style>\n  \n\n        <\/div>\n            <div class=\"col-12 col-md-6 col-lg-4 p-0\" style=\"height:350px\">\n            \n    <div \n        class='innerblocks-slider-child wao-blocks-innerblocks-slider-child p-2 text-center' \n        >\n        \n\n<div class=\"wao-blocks-immagine-src\" \n    >\n                    <img decoding=\"async\" src=\"http:\/\/www.amohahotelcattolica.it\/wp-content\/uploads\/2026\/03\/img-ospitalita.jpg\"  class=\"img-fluid\"  alt=\"img-ospitalita\">\n    <\/div>\n\n\n<h6 class=\"wp-block-heading has-text-align-center my-2 txt-limelight h3\">Ospitalit\u00e0<br>eccellente<\/h6>\n\n    <\/div>\n    <style>\n        @media screen and (max-width: 992px) {\n            .innerblocks-slider-child {\n                margin: auto !important;\n            }\n        }\n    <\/style>\n  \n        <\/div>\n    <\/div>\n    <\/div>\n<\/div>\n<\/section>\n\n<section class=\"wao-blocks-container container-fluid mb-0  g--bkg-light-03\"\n\t\t>\n    \n<div class=\"wao-blocks-row row sf-pattern-2\" >\n    \n\n<div class=\"col-12 col-md-12 p-lg-5 p-md-4 p-3\"\n     \n\t \n\t>\n        \n<div class=\"mx-auto p-lg-5 p-md-4 p-2 g--bkg-light-04 max-w-1280px\">\n\n\n<h2 class=\"wp-block-heading has-text-align-center txt-limelight h1\">Contattaci per un preventivo gratuito<\/h2>\n\n\n\n<div class=\"merida_root\" id=\"merida_block\"><\/div>\n\n<script>\nvar merida_config_merida_block = {\n    customerId: 1240 ,\n    showSuccessModal : true,\n    rootEl: \"merida_block\",\n    childrenAgeMax: 16,\n    childrenAgeMin: 0,\n    layout: \"compact\",\n    language: \"fr\",\n                theme : {\n        colors: {\n            primary: '#ffa12e',\n            primaryTextAlt: '#ffffff',\n            secondary: '#524c46',\n            secondaryTextAlt: '#ffffff',\n            text: '#3e464c',\n            error: '#cc0033',\n            formBackground: '#ffffff',\n            label: '#4d4d4d',\n            labelInput: '#96846e',\n            labelInputActive: '#7ebd6d',\n            inputBackground: '#eeeeee',\n            inputBorder: '#eeeeee',\n            checkboxBorder: '#eeeeee',\n        }\n    },\n    onSuccess : function(res) {\n        \n        if (typeof gtag === 'function') {\n    gtag('event', 'email', {\n        'event_category': 'Email',\n        'event_label': 'Form',\n        'value': 1\n    });\n    \/\/ Opzionale: log di controllo in console\n    console.log('Evento Email Form inviato a GA4');\n}    }\n};\n\n(function(url, cb) {\n    var s = document.createElement(\"script\");\n    s.type = \"text\/javascript\";\n\n    if (s.readyState) { \/\/IE\n        s.onreadystatechange = function() {\n            if (s.readyState == \"loaded\" || s.readyState == \"complete\") {\n                s.onreadystatechange = null;\n                cb();\n            }\n        };\n    } else { \/\/Others\n        s.onload = function() {\n            cb();\n        };\n    }\n\n    s.src = url;\n    document.getElementsByTagName(\"head\")[0].appendChild(s);\n})(\"https:\/\/static.adriasonline.it\/merida\/latest\/merida.js\", function() {\n    window.aoForm = merida(merida_config_merida_block);\n});\n<\/script>\n\n<\/div>\n    <\/div>\n<\/div>\n<\/section>","protected":false},"excerpt":{"rendered":"","protected":false},"author":1,"featured_media":0,"parent":0,"menu_order":0,"comment_status":"closed","ping_status":"closed","template":"","meta":{"footnotes":""},"class_list":["post-551","page","type-page","status-publish","hentry"],"_links":{"self":[{"href":"https:\/\/www.amohahotelcattolica.it\/fr\/wp-json\/wp\/v2\/pages\/551","targetHints":{"allow":["GET"]}}],"collection":[{"href":"https:\/\/www.amohahotelcattolica.it\/fr\/wp-json\/wp\/v2\/pages"}],"about":[{"href":"https:\/\/www.amohahotelcattolica.it\/fr\/wp-json\/wp\/v2\/types\/page"}],"author":[{"embeddable":true,"href":"https:\/\/www.amohahotelcattolica.it\/fr\/wp-json\/wp\/v2\/users\/1"}],"replies":[{"embeddable":true,"href":"https:\/\/www.amohahotelcattolica.it\/fr\/wp-json\/wp\/v2\/comments?post=551"}],"version-history":[{"count":8,"href":"https:\/\/www.amohahotelcattolica.it\/fr\/wp-json\/wp\/v2\/pages\/551\/revisions"}],"predecessor-version":[{"id":588,"href":"https:\/\/www.amohahotelcattolica.it\/fr\/wp-json\/wp\/v2\/pages\/551\/revisions\/588"}],"wp:attachment":[{"href":"https:\/\/www.amohahotelcattolica.it\/fr\/wp-json\/wp\/v2\/media?parent=551"}],"curies":[{"name":"wp","href":"https:\/\/api.w.org\/{rel}","templated":true}]}}