{"id":536,"date":"2026-03-10T12:50:05","date_gmt":"2026-03-10T11:50:05","guid":{"rendered":"http:\/\/www.amohahotelcattolica.it\/?page_id=536"},"modified":"2026-03-11T09:21:05","modified_gmt":"2026-03-11T08:21:05","slug":"territorio","status":"publish","type":"page","link":"https:\/\/www.amohahotelcattolica.it\/de\/territorio\/","title":{"rendered":"Territorium"},"content":{"rendered":"<section class=\"wao-blocks-container container-fluid mb-0\"\n\t\t>\n    \n<div class=\"wao-blocks-row row\" >\n    \n\n<div class=\"col-12 col-md-12 p-0 position-relative\"\n     \n\t \n\t>\n        \n\n<div id=\"flc-carousel\" data-cellAlign=\"center\" data-bgLazyLoad=\"1\" data-freeScroll=\"false\" data-wrapAround=\"true\" data-autoPlay=\"5000\" data-pauseAutoPlayOnHover =\"true\" data-prevNextButtons=\"false\" data-contain=\"true\" data-pageDots=\"false\" data-draggable=\"false\" data-groupCells=\"1\" data-fade=\"false\" class=\"js--flickity wao-blocks-slider slider-top flc-carousel-8727\"  >\n\n                            <div class=\"w-100\">\n                    \n    <div style='background: url(http:\/\/www.amohahotelcattolica.it\/wp-content\/uploads\/2026\/03\/top-territorio.jpg)center center ; background-blend-mode: multiply; background-size: cover; height: 75vh; background-position: 50% 50%;' class='wao-blocks-flc-banner'>\n        <div \n            class='carousel-caption mobile-tablet-centered text-left' \n            data-cof=\"true\" data-cof-rule=\"padding, 2rem, 2rem, 2rem, 2rem, 2rem\"             style='max-width: 500px; bottom: 25%; background-color:  ; margin:  auto            '>\n                    <\/div>\n        <style>\n            @media screen and (max-width: 992px) {\n                .mobile-tablet-centered {\n                    margin: auto !important;\n                }\n            }\n        <\/style>\n    <\/div>\n    \n                <\/div>\n            \n<\/div>\n    <\/div>\n<\/div>\n<\/section>\n\n<section class=\"wao-blocks-container container-fluid mb-5 sf-pattern\"\n\t\t>\n    \n<div class=\"wao-blocks-row row\" >\n    \n\n<div class=\"col-12 col-md-12 text-center position-relative p-lg-5 p-md-4\"\n     \n\tid=\"u--iniziopagina\" \n\t>\n        \n<div class=\"p-lg-5 p-4 g--bkg-light-04\"><div class=\"mx-auto max-w-1280px \">\n\n\n<div class=\"breadcrumb-block mb-4\"\n    >\n    <div class=\"text-secondary mx-auto text-center small\">\n        <a href=\"https:\/\/www.amohahotelcattolica.it\/de\" rel=\"nofollow\" title=\"Home\">Home &gt;<\/a>\n        Territorio    <\/div>\n<\/div>\n\n\n<h1 class=\"wp-block-heading has-text-align-center txt-limelight\">Territorio<\/h1>\n\n\n\n<h2 class=\"wp-block-heading has-text-align-center mb-4 text-secondary\">Cattolica la perla della Riviera Romagnola<\/h2>\n\n\n\n<p>L\u2019Amoha Hotel si trova a Cattolica, in una delle pi\u00f9 affascinanti localit\u00e0 della <strong>Riviera Adriatica<\/strong> dell\u2019Emilia Romagna. La Riviera \u00e8 una striscia di sabbia finissima <strong>lunga 130 km<\/strong>, larga in media un centinaio di metri, con un mare che degrada dolcemente. Un mare dalle acque chiare e azzurre e dall\u2019aria salubre e frizzante, ricchissima di iodio.<\/p>\n\n\n<\/div>\n<\/div>\n    <\/div>\n<\/div>\n<\/section>\n\n<section class=\"wao-blocks-container container-fluid mb-5\"\n\t\t>\n    \n<div class=\"wao-blocks-row row\" >\n    \n\n<div class=\"col-12 col-lg-6 d-flex justify-coontent-end p-0\"\n     \n\t \n\t>\n        \n    <figure\n        class=\"wao-blocks-immagine-bkg w-100 h-100\"\n        style=\"background: url('http:\/\/www.amohahotelcattolica.it\/wp-content\/uploads\/2026\/03\/sanmarino-localita.jpg') center center \/ cover no-repeat; min-height: 400px;\"\n        >\n            <\/figure>\n\n    <\/div>\n\n\n<div class=\"col-12 col-lg-6 px-0 py-lg-4\"\n     \n\t \n\t>\n        \n<div class=\"g--bkg-light-04 border-20 p-lg-5 p-4  max-w-700px  h-100 d-flex align-items-center\">\n<div>\n\n\n<h2 class=\"wp-block-heading txt-limelight h1\">San Marino<\/h2>\n\n\n\n<p class=\" mb-4\">La Repubblica di San Marino <strong>\u00e8 lo stato indipendente pi\u00f9 antico del mondo<\/strong>. Venne fondata dal santo eremita Marino addirittura nel 301 d. C., e da allora ha conservato intatti i suoi valori di libert\u00e0 e democrazia. I tre castelli di San Marino sorgono sulle tre punte del Monte Titano.<\/p>\n\n\n\n<h2 class=\"wp-block-heading txt-limelight h1\">Verucchio<\/h2>\n\n\n\n<p>Era un tempo la pi\u00f9 forte delle citt\u00e0 fortificate dei <strong>Malatesta<\/strong>: la sua rocca ancora oggi mostra i segni di un passato da dominatrice. Il colle sul quale si erge Verucchio si trova all\u2019inizio della Valmarecchia, lungo le strade che portano lontano da Rimini.<\/p>\n\n\n\n<\/div><\/div>\n    <\/div>\n<\/div>\n<\/section>\n\n<section class=\"wao-blocks-container container-fluid mb-5\"\n\t\t>\n    \n<div class=\"wao-blocks-row row\" >\n    \n\n<div class=\"col-12 col-lg-6 px-0 py-lg-4 order-lg-1 order-2 d-flex justify-content-lg-end justify-content-start\"\n     \n\t \n\t>\n        \n<div class=\"g--bkg-light-04 border-20 p-lg-5 p-4  max-w-700px  h-100 d-flex align-items-center\">\n<div>\n\n\n<h2 class=\"wp-block-heading txt-limelight h1\">Gradara<\/h2>\n\n\n\n<p class=\" mb-4\">Sulle verdi colline al confine tra l\u2019Emilia Romagna e le Marche sorge Gradara, con il suo <strong>castello <\/strong>celebre per bellezza e fascino romantico, ma anche per importanza storica. Gradara nel XIII e XIV secolo fu uno dei pi\u00f9 importanti appostamenti militari della famiglia riminese dei Malatesta.<\/p>\n\n\n\n<h2 class=\"wp-block-heading txt-limelight h1\">Santarcangelo<\/h2>\n\n\n\n<p>Molto vicina e ben collegata a Rimini. \u00c8 una delle cittadine pi\u00f9 belle e caratteristiche della Romagna, nella quale si respira un\u2019aria di incontrastata e nobile genuinit\u00e0. Il simbolo pi\u00f9 celebre di Sant\u2019Arcangelo \u00e8 il <strong>Campanone<\/strong>.<\/p>\n\n\n\n<\/div><\/div>\n    <\/div>\n\n\n<div class=\"col-12 col-lg-6 d-flex justify-coontent-end p-0 order-lg-2 order-1\"\n     \n\t \n\t>\n        \n    <figure\n        class=\"wao-blocks-immagine-bkg w-100 h-100 \"\n        style=\"background: url('http:\/\/www.amohahotelcattolica.it\/wp-content\/uploads\/2026\/03\/santarcangelo.jpeg') center center \/ cover no-repeat; min-height: 400px;\"\n        >\n            <\/figure>\n\n    <\/div>\n<\/div>\n<\/section>\n\n<section class=\"wao-blocks-container container-fluid mb-5\"\n\t\t>\n    \n<div class=\"wao-blocks-row row\" >\n    \n\n<div class=\"col-12 col-lg-6 d-flex justify-coontent-end p-0\"\n     \n\t \n\t>\n        \n    <figure\n        class=\"wao-blocks-immagine-bkg w-100 h-100\"\n        style=\"background: url('http:\/\/www.amohahotelcattolica.it\/wp-content\/uploads\/2026\/03\/acquario.jpg') center center \/ cover no-repeat; min-height: 400px;\"\n        >\n            <\/figure>\n\n    <\/div>\n\n\n<div class=\"col-12 col-lg-6 px-0 py-lg-4\"\n     \n\t \n\t>\n        \n<div class=\"g--bkg-light-04 border-20 p-lg-5 p-4  max-w-700px  h-100 d-flex align-items-center\">\n<div>\n\n\n<h2 class=\"wp-block-heading txt-limelight h1\">San Leo<\/h2>\n\n\n\n<p class=\" mb-4\">Sorge sul pi\u00f9 aguzzo dei monti di tutto l\u2019Appennino: il Monte Feliciano, talmente ripido da essere raggiungibile attraverso un\u2019unica strada tagliata nella roccia. Sulla vetta di San Leo si erge la poderosa <strong>rocca <\/strong>disegnata da Francesco di Giorgio Martini.<\/p>\n\n\n\n<h2 class=\"wp-block-heading txt-limelight h1\">Acquario di Cattolica<\/h2>\n\n\n\n<p>A pochi passi dal nostro hotel, \u00e8 imperdibile una visita al <strong>pi\u00f9 grande acquario della Riviera<\/strong>, con oltre 100 vasche espositive e 3000 esemplari di 400 specie diverse. Per il divertimento di grandi e bambini troverete lontre, tartarughe, meduse, camaleonti, rane, pinguini e i grandi squali!<\/p>\n\n\n\n<\/div><\/div>\n    <\/div>\n<\/div>\n<\/section>\n\n<section class=\"wao-blocks-container container-fluid mb-5 sf-pattern\"\n\t\t>\n    \n<div class=\"wao-blocks-row row\" >\n    \n\n<div class=\"col-12 col-md-12 p-lg-5 p-md-4 p-0\"\n     \n\t \n\t>\n        \n<div class=\"w-100  \">\n<div class=\"mx-auto  box_puntiforza p-lg-5 p-4 g--bkg-light-01\" >\n\n\n<h2 class=\"wp-block-heading has-text-align-center txt-limelight h1 mb-4\">Punti forza<\/h2>\n\n\n<div id=\"innerblocks-slider-parent1\" data-wrapAround='false' data-cellAlign=\"right\" data-bgLazyLoad=\"1\" data-freeScroll=\"false\" data-autoPlay=\"5000\" data-pauseAutoPlayOnHover =\"true\" data-prevNextButtons=\"false\" data-contain=\"true\" data-pageDots=\"false\" data-draggable=\"true\"  class=\"wrap-desktop js--flickity wao-blocks-slider innerblocks-slider-parent-20343 no-drag-fix-innerblocks-slider-parent-20343 \"  >\n            <div class=\"col-12 col-md-6 col-lg-4 p-0\" style=\"height:350px\">\n            \n    <div \n        class='innerblocks-slider-child wao-blocks-innerblocks-slider-child p-2 text-center' \n        >\n        \n\n<div class=\"wao-blocks-immagine-src\" \n    >\n                    <img decoding=\"async\" src=\"http:\/\/www.amohahotelcattolica.it\/wp-content\/uploads\/2026\/03\/img-cucina-romagna.jpg\"  class=\"img-fluid\"  alt=\"img-cucina-romagna\">\n    <\/div>\n\n\n<h6 class=\"wp-block-heading has-text-align-center my-2 txt-limelight h3\">Cucina<br>Romagnola<\/h6>\n\n    <\/div>\n    <style>\n        @media screen and (max-width: 992px) {\n            .innerblocks-slider-child {\n                margin: auto !important;\n            }\n        }\n    <\/style>\n  \n\n        <\/div>\n            <div class=\"col-12 col-md-6 col-lg-4 p-0\" style=\"height:350px\">\n            \n    <div \n        class='innerblocks-slider-child wao-blocks-innerblocks-slider-child p-2 text-center' \n        >\n        \n\n<div class=\"wao-blocks-immagine-src\" \n    >\n                    <img decoding=\"async\" src=\"http:\/\/www.amohahotelcattolica.it\/wp-content\/uploads\/2026\/03\/img-rapporto.jpg\"  class=\"img-fluid\"  alt=\"img-rapporto\">\n    <\/div>\n\n\n<h6 class=\"wp-block-heading has-text-align-center my-2 txt-limelight h3\">Buon rapporto<br>qualit\u00e0\/prezzo<\/h6>\n\n    <\/div>\n    <style>\n        @media screen and (max-width: 992px) {\n            .innerblocks-slider-child {\n                margin: auto !important;\n            }\n        }\n    <\/style>\n  \n\n        <\/div>\n            <div class=\"col-12 col-md-6 col-lg-4 p-0\" style=\"height:350px\">\n            \n    <div \n        class='innerblocks-slider-child wao-blocks-innerblocks-slider-child p-2 text-center' \n        >\n        \n\n<div class=\"wao-blocks-immagine-src\" \n    >\n                    <img decoding=\"async\" src=\"http:\/\/www.amohahotelcattolica.it\/wp-content\/uploads\/2026\/03\/img-ospitalita.jpg\"  class=\"img-fluid\"  alt=\"img-ospitalita\">\n    <\/div>\n\n\n<h6 class=\"wp-block-heading has-text-align-center my-2 txt-limelight h3\">Ospitalit\u00e0<br>eccellente<\/h6>\n\n    <\/div>\n    <style>\n        @media screen and (max-width: 992px) {\n            .innerblocks-slider-child {\n                margin: auto !important;\n            }\n        }\n    <\/style>\n  \n        <\/div>\n    <\/div>\n<div id=\"innerblocks-slider-parent2\"  data-wrapAround='true' data-cellAlign=\"right\" data-bgLazyLoad=\"1\" data-freeScroll=\"false\" data-autoPlay=\"5000\" data-pauseAutoPlayOnHover =\"true\" data-prevNextButtons=\"false\" data-contain=\"true\" data-pageDots=\"false\" data-draggable=\"true\" class=\"wrap-mobile js--flickity wao-blocks-slider innerblocks-slider-parent-20343\"  >\n            <div class=\"col-12 col-md-6 col-lg-4 p-0\" style=\"height:350px\">\n            \n    <div \n        class='innerblocks-slider-child wao-blocks-innerblocks-slider-child p-2 text-center' \n        >\n        \n\n<div class=\"wao-blocks-immagine-src\" \n    >\n                    <img decoding=\"async\" src=\"http:\/\/www.amohahotelcattolica.it\/wp-content\/uploads\/2026\/03\/img-cucina-romagna.jpg\"  class=\"img-fluid\"  alt=\"img-cucina-romagna\">\n    <\/div>\n\n\n<h6 class=\"wp-block-heading has-text-align-center my-2 txt-limelight h3\">Cucina<br>Romagnola<\/h6>\n\n    <\/div>\n    <style>\n        @media screen and (max-width: 992px) {\n            .innerblocks-slider-child {\n                margin: auto !important;\n            }\n        }\n    <\/style>\n  \n\n        <\/div>\n            <div class=\"col-12 col-md-6 col-lg-4 p-0\" style=\"height:350px\">\n            \n    <div \n        class='innerblocks-slider-child wao-blocks-innerblocks-slider-child p-2 text-center' \n        >\n        \n\n<div class=\"wao-blocks-immagine-src\" \n    >\n                    <img decoding=\"async\" src=\"http:\/\/www.amohahotelcattolica.it\/wp-content\/uploads\/2026\/03\/img-rapporto.jpg\"  class=\"img-fluid\"  alt=\"img-rapporto\">\n    <\/div>\n\n\n<h6 class=\"wp-block-heading has-text-align-center my-2 txt-limelight h3\">Buon rapporto<br>qualit\u00e0\/prezzo<\/h6>\n\n    <\/div>\n    <style>\n        @media screen and (max-width: 992px) {\n            .innerblocks-slider-child {\n                margin: auto !important;\n            }\n        }\n    <\/style>\n  \n\n        <\/div>\n            <div class=\"col-12 col-md-6 col-lg-4 p-0\" style=\"height:350px\">\n            \n    <div \n        class='innerblocks-slider-child wao-blocks-innerblocks-slider-child p-2 text-center' \n        >\n        \n\n<div class=\"wao-blocks-immagine-src\" \n    >\n                    <img decoding=\"async\" src=\"http:\/\/www.amohahotelcattolica.it\/wp-content\/uploads\/2026\/03\/img-ospitalita.jpg\"  class=\"img-fluid\"  alt=\"img-ospitalita\">\n    <\/div>\n\n\n<h6 class=\"wp-block-heading has-text-align-center my-2 txt-limelight h3\">Ospitalit\u00e0<br>eccellente<\/h6>\n\n    <\/div>\n    <style>\n        @media screen and (max-width: 992px) {\n            .innerblocks-slider-child {\n                margin: auto !important;\n            }\n        }\n    <\/style>\n  \n        <\/div>\n    <\/div>\n    <\/div>\n<\/div>\n<\/section>\n\n<div class=\"max-w-1440px mx-auto mb-5\">\n\n<section class=\"wao-blocks-container container-fluid mb-0 pt-lg-5\"\n\t\t>\n    \n<div class=\"wao-blocks-row row\" >\n    \n\n<div class=\"col-12 col-md-6 position-relative  order-1\"\n     \n\t \n\t>\n        \n<div class=\"text-center py-3 g--bkg-dark-01\">\n  <span class=\" text-uppercase text-white h2 mb-0 text-center\">Recensioni<\/span>\n<\/div>\n<div class=\"position-absolute l--top l--left d-none d-lg-inline z-index-10 mt--50 ml--20px js--hideme\" data-anim=\"heartBeat\"><picture><img decoding=\"async\" src=\"http:\/\/www.amohahotelcattolica.it\/wp-content\/uploads\/2026\/03\/travellers-chois.png\" class=\"img-fluid\"><\/picture><\/div>\n    <\/div>\n\n\n<div class=\"col-12 col-md-6 order-md-2 order-3\"\n     \n\t \n\t>\n        \n<div class=\"mx-auto text-center py-3 g--bkg-dark-01\">\n  <span class=\" text-uppercase text-white h2 mb-0 text-center\">Dove siamo<\/span>\n<\/div>\n    <\/div>\n\n\n<div class=\"col-12 col-md-6 order-md-3 order-2\"\n     \n\t \n\t>\n        \n<div class=\"w-100 h-100 p-3 p-md-4 g--bkg-light-01 p-lg-5\">\n\n<div id=\"innerblocks-slider-parent1\" data-wrapAround='true' data-cellAlign=\"right\" data-bgLazyLoad=\"1\" data-freeScroll=\"false\" data-autoPlay=\"5000\" data-pauseAutoPlayOnHover =\"true\" data-prevNextButtons=\"false\" data-contain=\"true\" data-pageDots=\"true\" data-draggable=\"true\"  class=\"wrap-desktop js--flickity wao-blocks-slider min-h-300px innerblocks-slider-parent-70943\"  style=\"margin-bottom: 35px\">\n            <div class=\"col-12 col-md-12 col-lg-12 p-0\" style=\"height:auto\">\n            \n    <div \n        class='innerblocks-slider-child wao-blocks-innerblocks-slider-child' \n        >\n        \n<div class=\"text-center p-2\">\n\n\n<p class=\"display-3 txt-limelight \">Vacanze a Cattolica<\/p>\n\n\n\n<p>Hotel molto confortevole.<br>Il proprietario e il suo team disponibili e molto gentili. Quest'anno sar\u00e0 il terzo anno che passeremo qui le nostre vacanze insieme alla nostra cagnolina, trattata anche lei benissimo.<\/p>\n\n\n\n<p><em><strong>Eleonora T.<\/strong><\/em><\/p>\n\n\n<\/div>\n    <\/div>\n    <style>\n        @media screen and (max-width: 992px) {\n            .innerblocks-slider-child {\n                margin: auto !important;\n            }\n        }\n    <\/style>\n  \n\n        <\/div>\n            <div class=\"col-12 col-md-12 col-lg-12 p-0\" style=\"height:auto\">\n            \n    <div \n        class='innerblocks-slider-child wao-blocks-innerblocks-slider-child' \n        >\n        \n<div class=\"text-center p-2\">\n\n\n<p class=\"display-3 txt-limelight \">Confortevole<\/p>\n\n\n\n<p>Ormai sono diversi anni che scegliamo questa struttura pulita, comoda e completa. Il personale \u00e8 sempre disponibile. La cucina casalinga \u00e8 sempre fresca e varia. Un punto a favore per la presenza famigliare ed il loro pieno impegno per rendere il soggiorno unico<\/p>\n\n\n\n<p><em><strong>Stefania R.<\/strong><\/em><\/p>\n\n\n<\/div>\n    <\/div>\n    <style>\n        @media screen and (max-width: 992px) {\n            .innerblocks-slider-child {\n                margin: auto !important;\n            }\n        }\n    <\/style>\n  \n\n        <\/div>\n            <div class=\"col-12 col-md-12 col-lg-12 p-0\" style=\"height:auto\">\n            \n    <div \n        class='innerblocks-slider-child wao-blocks-innerblocks-slider-child' \n        >\n        \n<div class=\"text-center p-2\">\n\n\n<p class=\"display-3 txt-limelight \">Zero pensieri<\/p>\n\n\n\n<p>Ottima esperienza, in famiglia con bambino. Flessibilit\u00e0, cortesia e disponibilit\u00e0 per ogni necessit\u00e0. Men\u00f9 sempre diverso completo e generoso. Comodissima la posizione<\/p>\n\n\n\n<p><em><strong>Davide<\/strong><\/em><\/p>\n\n\n<\/div>\n    <\/div>\n    <style>\n        @media screen and (max-width: 992px) {\n            .innerblocks-slider-child {\n                margin: auto !important;\n            }\n        }\n    <\/style>\n  \n\n        <\/div>\n            <div class=\"col-12 col-md-12 col-lg-12 p-0\" style=\"height:auto\">\n            \n    <div \n        class='innerblocks-slider-child wao-blocks-innerblocks-slider-child' \n        >\n        \n<div class=\"text-center p-2\">\n\n\n<p class=\"display-3 txt-limelight \">Come sentirsi a casa<\/p>\n\n\n\n<p>Un\u2019accoglienza famigliare che ti fa sentire a casa. Il Sig. Gerardo e la sua squadra sono stati bravissimi. La semplicit\u00e0, la genuinit\u00e0, la professionalit\u00e0 e la volont\u00e0 di farti sentire a casa, \u00e8 un qualcosa che raramente si vede nelle strutture ricettive. Io e mia figlia siamo state benissimo. Il personale attento ai minimi dettagli; una cucina di qualit\u00e0 e con ottime scelte (\u2026) Lo consiglio vivamente e complimenti a tutti!<\/p>\n\n\n\n<p><em><strong>Eleonora C.<\/strong><\/em><\/p>\n\n\n<\/div>\n    <\/div>\n    <style>\n        @media screen and (max-width: 992px) {\n            .innerblocks-slider-child {\n                margin: auto !important;\n            }\n        }\n    <\/style>\n  \n        <\/div>\n    <\/div>\n<div id=\"innerblocks-slider-parent2\"  data-wrapAround='true' data-cellAlign=\"right\" data-bgLazyLoad=\"1\" data-freeScroll=\"false\" data-autoPlay=\"5000\" data-pauseAutoPlayOnHover =\"true\" data-prevNextButtons=\"false\" data-contain=\"true\" data-pageDots=\"true\" data-draggable=\"true\" class=\"wrap-mobile js--flickity wao-blocks-slider min-h-300px innerblocks-slider-parent-70943\"  style=\"margin-bottom: 35px\">\n            <div class=\"col-12 col-md-12 col-lg-12 p-0\" style=\"height:auto\">\n            \n    <div \n        class='innerblocks-slider-child wao-blocks-innerblocks-slider-child' \n        >\n        \n<div class=\"text-center p-2\">\n\n\n<p class=\"display-3 txt-limelight \">Vacanze a Cattolica<\/p>\n\n\n\n<p>Hotel molto confortevole.<br>Il proprietario e il suo team disponibili e molto gentili. Quest'anno sar\u00e0 il terzo anno che passeremo qui le nostre vacanze insieme alla nostra cagnolina, trattata anche lei benissimo.<\/p>\n\n\n\n<p><em><strong>Eleonora T.<\/strong><\/em><\/p>\n\n\n<\/div>\n    <\/div>\n    <style>\n        @media screen and (max-width: 992px) {\n            .innerblocks-slider-child {\n                margin: auto !important;\n            }\n        }\n    <\/style>\n  \n\n        <\/div>\n            <div class=\"col-12 col-md-12 col-lg-12 p-0\" style=\"height:auto\">\n            \n    <div \n        class='innerblocks-slider-child wao-blocks-innerblocks-slider-child' \n        >\n        \n<div class=\"text-center p-2\">\n\n\n<p class=\"display-3 txt-limelight \">Confortevole<\/p>\n\n\n\n<p>Ormai sono diversi anni che scegliamo questa struttura pulita, comoda e completa. Il personale \u00e8 sempre disponibile. La cucina casalinga \u00e8 sempre fresca e varia. Un punto a favore per la presenza famigliare ed il loro pieno impegno per rendere il soggiorno unico<\/p>\n\n\n\n<p><em><strong>Stefania R.<\/strong><\/em><\/p>\n\n\n<\/div>\n    <\/div>\n    <style>\n        @media screen and (max-width: 992px) {\n            .innerblocks-slider-child {\n                margin: auto !important;\n            }\n        }\n    <\/style>\n  \n\n        <\/div>\n            <div class=\"col-12 col-md-12 col-lg-12 p-0\" style=\"height:auto\">\n            \n    <div \n        class='innerblocks-slider-child wao-blocks-innerblocks-slider-child' \n        >\n        \n<div class=\"text-center p-2\">\n\n\n<p class=\"display-3 txt-limelight \">Zero pensieri<\/p>\n\n\n\n<p>Ottima esperienza, in famiglia con bambino. Flessibilit\u00e0, cortesia e disponibilit\u00e0 per ogni necessit\u00e0. Men\u00f9 sempre diverso completo e generoso. Comodissima la posizione<\/p>\n\n\n\n<p><em><strong>Davide<\/strong><\/em><\/p>\n\n\n<\/div>\n    <\/div>\n    <style>\n        @media screen and (max-width: 992px) {\n            .innerblocks-slider-child {\n                margin: auto !important;\n            }\n        }\n    <\/style>\n  \n\n        <\/div>\n            <div class=\"col-12 col-md-12 col-lg-12 p-0\" style=\"height:auto\">\n            \n    <div \n        class='innerblocks-slider-child wao-blocks-innerblocks-slider-child' \n        >\n        \n<div class=\"text-center p-2\">\n\n\n<p class=\"display-3 txt-limelight \">Come sentirsi a casa<\/p>\n\n\n\n<p>Un\u2019accoglienza famigliare che ti fa sentire a casa. Il Sig. Gerardo e la sua squadra sono stati bravissimi. La semplicit\u00e0, la genuinit\u00e0, la professionalit\u00e0 e la volont\u00e0 di farti sentire a casa, \u00e8 un qualcosa che raramente si vede nelle strutture ricettive. Io e mia figlia siamo state benissimo. Il personale attento ai minimi dettagli; una cucina di qualit\u00e0 e con ottime scelte (\u2026) Lo consiglio vivamente e complimenti a tutti!<\/p>\n\n\n\n<p><em><strong>Eleonora C.<\/strong><\/em><\/p>\n\n\n<\/div>\n    <\/div>\n    <style>\n        @media screen and (max-width: 992px) {\n            .innerblocks-slider-child {\n                margin: auto !important;\n            }\n        }\n    <\/style>\n  \n        <\/div>\n    <\/div>\n\n<\/div>\n    <\/div>\n\n\n<div class=\"col-12 col-md-6 order-4\"\n     \n\t \n\t>\n        \n<iframe class=\"gmap js--lazy-load\" data-src=\"https:\/\/www.google.com\/maps\/embed?pb=!1m18!1m12!1m3!1d54814.71934310747!2d12.723396242207457!3d43.96735178718614!2m3!1f0!2f0!3f0!3m2!1i1024!2i768!4f13.1!3m3!1m2!1s0x132ce0c6cf3e19bd%3A0x275034c4a70280cf!2sAmoha%20Hotel!5e0!3m2!1sit!2sit!4v1773131408330!5m2!1sit!2sit\" width=\"100%\" height=\"100%\" allowfullscreen=\"\" loading=\"lazy\" referrerpolicy=\"no-referrer-when-downgrade\"><\/iframe>\n    <\/div>\n<\/div>\n<\/section>\n\n<\/div>\n\n<section class=\"wao-blocks-container container-fluid mb-0  g--bkg-light-03\"\n\t\t>\n    \n<div class=\"wao-blocks-row row sf-pattern-2\" >\n    \n\n<div class=\"col-12 col-md-12 p-lg-5 p-md-4 p-3\"\n     \n\t \n\t>\n        \n<div class=\"mx-auto p-lg-5 p-md-4 p-2 g--bkg-light-04 max-w-1280px\">\n\n\n<h2 class=\"wp-block-heading has-text-align-center txt-limelight h1\">Contattaci per un preventivo gratuito<\/h2>\n\n\n\n<div class=\"merida_root\" id=\"merida_block\"><\/div>\n\n<script>\nvar merida_config_merida_block = {\n    customerId: 1240 ,\n    showSuccessModal : true,\n    rootEl: \"merida_block\",\n    childrenAgeMax: 16,\n    childrenAgeMin: 0,\n    layout: \"compact\",\n    language: \"de\",\n                theme : {\n        colors: {\n            primary: '#ffa12e',\n            primaryTextAlt: '#ffffff',\n            secondary: '#524c46',\n            secondaryTextAlt: '#ffffff',\n            text: '#3e464c',\n            error: '#cc0033',\n            formBackground: '#ffffff',\n            label: '#4d4d4d',\n            labelInput: '#96846e',\n            labelInputActive: '#7ebd6d',\n            inputBackground: '#eeeeee',\n            inputBorder: '#eeeeee',\n            checkboxBorder: '#eeeeee',\n        }\n    },\n    onSuccess : function(res) {\n        \n        if (typeof gtag === 'function') {\n    gtag('event', 'email', {\n        'event_category': 'Email',\n        'event_label': 'Form',\n        'value': 1\n    });\n    \/\/ Opzionale: log di controllo in console\n    console.log('Evento Email Form inviato a GA4');\n}    }\n};\n\n(function(url, cb) {\n    var s = document.createElement(\"script\");\n    s.type = \"text\/javascript\";\n\n    if (s.readyState) { \/\/IE\n        s.onreadystatechange = function() {\n            if (s.readyState == \"loaded\" || s.readyState == \"complete\") {\n                s.onreadystatechange = null;\n                cb();\n            }\n        };\n    } else { \/\/Others\n        s.onload = function() {\n            cb();\n        };\n    }\n\n    s.src = url;\n    document.getElementsByTagName(\"head\")[0].appendChild(s);\n})(\"https:\/\/static.adriasonline.it\/merida\/latest\/merida.js\", function() {\n    window.aoForm = merida(merida_config_merida_block);\n});\n<\/script>\n\n<\/div>\n    <\/div>\n<\/div>\n<\/section>","protected":false},"excerpt":{"rendered":"","protected":false},"author":1,"featured_media":0,"parent":0,"menu_order":0,"comment_status":"closed","ping_status":"closed","template":"","meta":{"footnotes":""},"class_list":["post-536","page","type-page","status-publish","hentry"],"_links":{"self":[{"href":"https:\/\/www.amohahotelcattolica.it\/de\/wp-json\/wp\/v2\/pages\/536","targetHints":{"allow":["GET"]}}],"collection":[{"href":"https:\/\/www.amohahotelcattolica.it\/de\/wp-json\/wp\/v2\/pages"}],"about":[{"href":"https:\/\/www.amohahotelcattolica.it\/de\/wp-json\/wp\/v2\/types\/page"}],"author":[{"embeddable":true,"href":"https:\/\/www.amohahotelcattolica.it\/de\/wp-json\/wp\/v2\/users\/1"}],"replies":[{"embeddable":true,"href":"https:\/\/www.amohahotelcattolica.it\/de\/wp-json\/wp\/v2\/comments?post=536"}],"version-history":[{"count":7,"href":"https:\/\/www.amohahotelcattolica.it\/de\/wp-json\/wp\/v2\/pages\/536\/revisions"}],"predecessor-version":[{"id":678,"href":"https:\/\/www.amohahotelcattolica.it\/de\/wp-json\/wp\/v2\/pages\/536\/revisions\/678"}],"wp:attachment":[{"href":"https:\/\/www.amohahotelcattolica.it\/de\/wp-json\/wp\/v2\/media?parent=536"}],"curies":[{"name":"wp","href":"https:\/\/api.w.org\/{rel}","templated":true}]}}